{"id":5331,"date":"2025-05-22T11:28:01","date_gmt":"2025-05-22T11:28:01","guid":{"rendered":"https:\/\/preview.treethemes.com\/hazel5\/demo19\/?page_id=5331"},"modified":"2026-01-04T22:43:54","modified_gmt":"2026-01-04T22:43:54","slug":"home","status":"publish","type":"page","link":"http:\/\/fredjirou.com\/","title":{"rendered":"Home"},"content":{"rendered":"<div class=\"wpb-content-wrapper\"><p>[vc_row][vc_column]\n\t\t\t\t<p class=\"rs-p-wp-fix\"><\/p>\n\t\t\t\t<sr7-module data-alias=\"freelancer\" data-id=\"1\" id=\"SR7_1_1\" class=\"rs-respect-topbar rs-ov-hidden\" data-version=\"6.7.38\">\n\t\t\t\t\t<sr7-adjuster><\/sr7-adjuster>\n\t\t\t\t\t<sr7-content>\n\t\t\t\t\t\t<sr7-slide id=\"SR7_1_1-1\" data-key=\"1\">\n\t\t\t\t\t\t\t<sr7-txt id=\"SR7_1_1-1-2\" class=\"sr7-layer\">FRED<br \/>\nJIROU<\/sr7-txt>\n\t\t\t\t\t\t\t<sr7-txt id=\"SR7_1_1-1-3\" class=\"sr7-layer\">FRED<br \/>\nJIROU<\/sr7-txt>\n\t\t\t\t\t\t\t<sr7-txt id=\"SR7_1_1-1-4\" class=\"sr7-layer\">Senior Digital Art Director \/ Head of Design<\/sr7-txt>\n\t\t\t\t\t\t<\/sr7-slide>\n\t\t\t\t\t\t<sr7-slide id=\"SR7_1_1-2\" data-key=\"2\">\n\t\t\t\t\t\t<\/sr7-slide>\n\t\t\t\t\t<\/sr7-content>\n\t\t\t\t\t<image_lists style=\"display:none\">\n\t\t\t\t\t\t<img data-src=\"\/\/fredjirou.com\/wp-content\/uploads\/2025\/12\/fred_capuche_black.png\" data-libid=\"6202\" data-lib=\"medialibrary\" alt=\"Fred Jirou header\" title=\"fred-jirou-c\" width=\"0\" height=\"0\" data-dbsrc=\"Ly9mcmVkamlyb3UuY29tL3dwLWNvbnRlbnQvdXBsb2Fkcy8yMDI1LzEyL2ZyZWRfY2FwdWNoZV9ibGFjay5wbmc=\"\/>\n\t\t\t\t\t\t<img data-src=\"\/\/fredjirou.com\/wp-content\/uploads\/2025\/06\/shadow1.png\" data-libid=\"5377\" data-lib=\"medialibrary\" title=\"shadow1.png\" width=\"0\" height=\"0\" data-dbsrc=\"Ly9mcmVkamlyb3UuY29tL3dwLWNvbnRlbnQvdXBsb2Fkcy8yMDI1LzA2L3NoYWRvdzEucG5n\"\/>\n\t\t\t\t\t<\/image_lists>\n\t\t\t\t<\/sr7-module>\n\t\t\t\t<script>\n\t\t\t\t\tSR7.PMH ??={}; SR7.PMH[\"SR7_1_1\"] = {cn:100,state:false,fn: function() { if (_tpt!==undefined && _tpt.prepareModuleHeight !== undefined) {  _tpt.prepareModuleHeight({id:\"SR7_1_1\",el:[900,900,768,960,720],type:'standard',shdw:'0',gh:[900,900,768,960,720],gw:[1240,1240,1024,778,480],vpt:['-100px&#039;,&#039;-100px&#039;,&#039;-100px&#039;,&#039;-100px&#039;,&#039;-100px'],size:{fullWidth:true, fullHeight:true},fho:'#masthead,',mh:'0',onh:0,onw:0,bg:{color:'{\"orig\":\"transparent\",\"type\":\"solid\",\"string\":\"transparent\"}'}});   SR7.PMH[\"SR7_1_1\"].state=true;} else if(SR7.PMH[\"SR7_1_1\"].cn-->0)\tsetTimeout( SR7.PMH[\"SR7_1_1\"].fn,19);}};SR7.PMH[\"SR7_1_1\" ].fn();\n\t\t\t\t<\/script>\n[\/vc_column][\/vc_row][vc_row][vc_column]<div class=\"ult-spacer spacer-69e494cdcc72e\" data-id=\"69e494cdcc72e\" data-height=\"100\" data-height-mobile=\"70\" data-height-tab=\"100\" data-height-tab-portrait=\"70\" data-height-mobile-landscape=\"70\" style=\"clear:both;display:block;\"><\/div>[\/vc_column][\/vc_row][vc_row full_width=&#8221;stretch_row&#8221; css_animation=&#8221;none&#8221; el_class=&#8221;wide-ipad-lanscape&#8221;][vc_column][vc_row_inner splitting_chars=&#8221;yes&#8221;][vc_column_inner][vc_custom_heading text=&#8221;Mon travail ne consiste pas seulement \u00e0 cr\u00e9er, mais \u00e0 avoir un r\u00e9el impact.&#8221; font_container=&#8221;tag:h6|text_align:center|color:rgba(255%2C255%2C255%2C0.5)&#8221; use_theme_fonts=&#8221;yes&#8221; css_animation=&#8221;linesAnimIn&#8221; css=&#8221;&#8221;][\/vc_column_inner][\/vc_row_inner][vc_empty_space height=&#8221;40px&#8221;]<div class=\"ult-animation  ult-animate-viewport  ult-no-mobile \" data-animate=\"fadeInUpShort\" data-animation-delay=\"0.2\" data-animation-duration=\"1\" data-animation-iteration=\"1\" style=\"opacity:0;\" data-opacity_start_effect=\"\">[vc_row_inner el_class=&#8221;wide-5col&#8221;][vc_column_inner width=&#8221;1\/3&#8243;]<div class=\"stats-block stats-top  \"><div class=\"aio-icon-top\"><div class=\"ult-just-icon-wrapper  \"><div class=\"align-icon\" style=\"text-align:center;\"><\/div><\/div><\/div><div class=\"stats-desc\" id=\"counter-responsv-wrap-7298\"><div id=\"counter_121981581269e494cdcc988\" data-id=\"counter_121981581269e494cdcc988\"  data-ultimate-target='#counter-responsv-wrap-7298 .stats-number'  data-responsive-json-new='{\"font-size\":\"desktop:80px;tablet_portrait:50px;mobile_landscape:50px;mobile:50px;\",\"line-height\":\"desktop:85px;tablet_portrait:60px;mobile_landscape:60px;mobile:60px;\"}'  class=\"stats-number ult-responsive\" style=\" color:#ffffff; font-family:&#039;Plus Jakarta Sans&#039;;font-weight:500;color:#f2f2f2;\" data-speed=\"2\" data-counter-value=\"20+\" data-separator=\",\" data-decimal=\".\">0<\/div><div class=\"counter_suffix mycust ult-responsive\"  data-ultimate-target='#counter-responsv-wrap-7298 .mycust'  data-responsive-json-new='{\"font-size\":\"desktop:70px;tablet_portrait:50px;mobile_landscape:50px;mobile:50px;\",\"line-height\":\"desktop:75px;tablet_portrait:60px;mobile_landscape:60px;mobile:60px;\"}'  style=\" font-family:&#039;Plus Jakarta Sans&#039;;font-weight:500;color:#cccccc\">+<\/div><div id=\"title-counter_121981581269e494cdcc988\"  data-ultimate-target='#counter-responsv-wrap-7298 .stats-text'  data-responsive-json-new='{\"font-size\":\"desktop:16px;\",\"line-height\":\"desktop:26px;\"}'  class=\"stats-text ult-responsive\" style=\"font-size:px; color:#ffffff; \">ANN\u00c9ES D'EXP\u00c9RIENCE<\/div><\/div><\/div><div class=\"ult-spacer spacer-69e494cdcc9b1\" data-id=\"69e494cdcc9b1\" data-height=\"15\" data-height-mobile=\"30\" data-height-tab=\"15\" data-height-tab-portrait=\"30\" data-height-mobile-landscape=\"30\" style=\"clear:both;display:block;\"><\/div>[\/vc_column_inner][vc_column_inner width=&#8221;1\/3&#8243;]<div class=\"stats-block stats-top  \"><div class=\"aio-icon-top\"><div class=\"ult-just-icon-wrapper  \"><div class=\"align-icon\" style=\"text-align:center;\"><\/div><\/div><\/div><div class=\"stats-desc\" id=\"counter-responsv-wrap-2183\"><div id=\"counter_348250052069e494cdcc9f7\" data-id=\"counter_348250052069e494cdcc9f7\"  data-ultimate-target='#counter-responsv-wrap-2183 .stats-number'  data-responsive-json-new='{\"font-size\":\"desktop:80px;tablet_portrait:50px;mobile_landscape:50px;mobile:50px;\",\"line-height\":\"desktop:85px;tablet_portrait:60px;mobile_landscape:60px;mobile:60px;\"}'  class=\"stats-number ult-responsive\" style=\" color:#ffffff; font-family:&#039;Plus Jakarta Sans&#039;;font-weight:500;color:#f2f2f2;\" data-speed=\"2\" data-counter-value=\"250+\" data-separator=\",\" data-decimal=\".\">0<\/div><div class=\"counter_suffix mycust ult-responsive\"  data-ultimate-target='#counter-responsv-wrap-2183 .mycust'  data-responsive-json-new='{\"font-size\":\"desktop:70px;tablet_portrait:50px;mobile_landscape:50px;mobile:50px;\",\"line-height\":\"desktop:75px;tablet_portrait:60px;mobile_landscape:60px;mobile:60px;\"}'  style=\" font-family:&#039;Plus Jakarta Sans&#039;;font-weight:500;color:#cccccc\">+<\/div><div id=\"title-counter_348250052069e494cdcc9f7\"  data-ultimate-target='#counter-responsv-wrap-2183 .stats-text'  data-responsive-json-new='{\"font-size\":\"desktop:16px;\",\"line-height\":\"desktop:26px;\"}'  class=\"stats-text ult-responsive\" style=\"font-size:px; color:#ffffff; \">CLIENTS SATISFAITS<\/div><\/div><\/div><div class=\"ult-spacer spacer-69e494cdcca10\" data-id=\"69e494cdcca10\" data-height=\"15\" data-height-mobile=\"30\" data-height-tab=\"15\" data-height-tab-portrait=\"30\" data-height-mobile-landscape=\"30\" style=\"clear:both;display:block;\"><\/div>[\/vc_column_inner][vc_column_inner width=&#8221;1\/3&#8243;]<div class=\"stats-block stats-top  \"><div class=\"aio-icon-top\"><div class=\"ult-just-icon-wrapper  \"><div class=\"align-icon\" style=\"text-align:center;\"><\/div><\/div><\/div><div class=\"stats-desc\" id=\"counter-responsv-wrap-9568\"><div id=\"counter_28140498169e494cdcca48\" data-id=\"counter_28140498169e494cdcca48\"  data-ultimate-target='#counter-responsv-wrap-9568 .stats-number'  data-responsive-json-new='{\"font-size\":\"desktop:80px;tablet_portrait:50px;mobile_landscape:50px;mobile:50px;\",\"line-height\":\"desktop:85px;tablet_portrait:60px;mobile_landscape:60px;mobile:60px;\"}'  class=\"stats-number ult-responsive\" style=\" color:#ffffff; font-family:&#039;Plus Jakarta Sans&#039;;font-weight:500;color:#f2f2f2;\" data-speed=\"2\" data-counter-value=\"300+\" data-separator=\",\" data-decimal=\".\">0<\/div><div class=\"counter_suffix mycust ult-responsive\"  data-ultimate-target='#counter-responsv-wrap-9568 .mycust'  data-responsive-json-new='{\"font-size\":\"desktop:70px;tablet_portrait:50px;mobile_landscape:50px;mobile:50px;\",\"line-height\":\"desktop:75px;tablet_portrait:60px;mobile_landscape:60px;mobile:60px;\"}'  style=\" font-family:&#039;Plus Jakarta Sans&#039;;font-weight:500;color:#cccccc\">+<\/div><div id=\"title-counter_28140498169e494cdcca48\"  data-ultimate-target='#counter-responsv-wrap-9568 .stats-text'  data-responsive-json-new='{\"font-size\":\"desktop:16px;\",\"line-height\":\"desktop:26px;\"}'  class=\"stats-text ult-responsive\" style=\"font-size:px; color:#ffffff; \">PROJETS R\u00c9USSIS<\/div><\/div><\/div>[vc_empty_space height=&#8221;15px&#8221;][\/vc_column_inner][\/vc_row_inner]<\/div>[\/vc_column][\/vc_row][vc_row][vc_column]<div class=\"ult-spacer spacer-69e494cdcca66\" data-id=\"69e494cdcca66\" data-height=\"100\" data-height-mobile=\"70\" data-height-tab=\"100\" data-height-tab-portrait=\"70\" data-height-mobile-landscape=\"70\" style=\"clear:both;display:block;\"><\/div>[\/vc_column][\/vc_row]<\/p>\n<\/div>","protected":false},"excerpt":{"rendered":"<p>[vc_row][vc_column][\/vc_column][\/vc_row][vc_row][vc_column][\/vc_column][\/vc_row][vc_row full_width=&#8221;stretch_row&#8221; css_animation=&#8221;none&#8221; el_class=&#8221;wide-ipad-lanscape&#8221;][vc_column][vc_row_inner splitting_chars=&#8221;yes&#8221;][vc_column_inner][vc_custom_heading text=&#8221;Mon travail ne consiste pas seulement \u00e0 cr\u00e9er, mais \u00e0 avoir un r\u00e9el impact.&#8221; font_container=&#8221;tag:h6|text_align:center|color:rgba(255%2C255%2C255%2C0.5)&#8221; use_theme_fonts=&#8221;yes&#8221; css_animation=&#8221;linesAnimIn&#8221; css=&#8221;&#8221;][\/vc_column_inner][\/vc_row_inner][vc_empty_space height=&#8221;40px&#8221;][\/vc_column][\/vc_row][vc_row][vc_column][\/vc_column][\/vc_row]<\/p>\n","protected":false},"author":1,"featured_media":9071,"parent":0,"menu_order":0,"comment_status":"closed","ping_status":"closed","template":"template-home.php","meta":{"footnotes":""},"class_list":["post-5331","page","type-page","status-publish","has-post-thumbnail","hentry"],"_links":{"self":[{"href":"http:\/\/fredjirou.com\/index.php\/wp-json\/wp\/v2\/pages\/5331","targetHints":{"allow":["GET"]}}],"collection":[{"href":"http:\/\/fredjirou.com\/index.php\/wp-json\/wp\/v2\/pages"}],"about":[{"href":"http:\/\/fredjirou.com\/index.php\/wp-json\/wp\/v2\/types\/page"}],"author":[{"embeddable":true,"href":"http:\/\/fredjirou.com\/index.php\/wp-json\/wp\/v2\/users\/1"}],"replies":[{"embeddable":true,"href":"http:\/\/fredjirou.com\/index.php\/wp-json\/wp\/v2\/comments?post=5331"}],"version-history":[{"count":12,"href":"http:\/\/fredjirou.com\/index.php\/wp-json\/wp\/v2\/pages\/5331\/revisions"}],"predecessor-version":[{"id":9245,"href":"http:\/\/fredjirou.com\/index.php\/wp-json\/wp\/v2\/pages\/5331\/revisions\/9245"}],"wp:featuredmedia":[{"embeddable":true,"href":"http:\/\/fredjirou.com\/index.php\/wp-json\/wp\/v2\/media\/9071"}],"wp:attachment":[{"href":"http:\/\/fredjirou.com\/index.php\/wp-json\/wp\/v2\/media?parent=5331"}],"curies":[{"name":"wp","href":"https:\/\/api.w.org\/{rel}","templated":true}]}}